{"id":9,"date":"2016-10-03T10:30:30","date_gmt":"2016-10-03T10:30:30","guid":{"rendered":"http:\/\/ecktomedia.de\/fannienew\/?page_id=9"},"modified":"2023-07-10T11:08:41","modified_gmt":"2023-07-10T09:08:41","slug":"salon-fannie-fotobox","status":"publish","type":"page","link":"http:\/\/www.ecktomedia.de\/fannienew\/?page_id=9","title":{"rendered":"Salon-Fannie-Fotobox"},"content":{"rendered":"<h3><strong>Falls Sie noch nicht wissen, was eine &#8222;Fotobox&#8220; ist: Unter &#8222;<a href=\"http:\/\/ecktomedia.de\/fannienew\/?page_id=91\">Was ist die Salon-Fannie-Fotobox<\/a>&#8220; haben wir versucht, sie ausf\u00fchrlich zu beschreiben!<\/strong><\/h3>\n<p>&nbsp;<\/p>\n<h3 style=\"text-align: center;\"><strong>Fotobox-Verleih:<\/strong><\/h3>\n<p><img loading=\"lazy\" decoding=\"async\" class=\"aligncenter size-full wp-image-509\" src=\"http:\/\/ecktomedia.de\/fannienew\/wp-content\/uploads\/2016\/10\/leer.jpg\" alt=\"leer\" width=\"187\" height=\"16\" \/><\/p>\n<h4 style=\"text-align: center;\"><\/h4>\n<p style=\"text-align: center;\"><img loading=\"lazy\" decoding=\"async\" class=\"aligncenter wp-image-1010 size-large\" src=\"http:\/\/ecktomedia.de\/fannienew\/wp-content\/uploads\/2022\/09\/fotoboxohnepreis-1024x802.jpg\" alt=\"\" width=\"640\" height=\"501\" srcset=\"http:\/\/www.ecktomedia.de\/fannienew\/wp-content\/uploads\/2022\/09\/fotoboxohnepreis.jpg 1024w, http:\/\/www.ecktomedia.de\/fannienew\/wp-content\/uploads\/2022\/09\/fotoboxohnepreis-300x235.jpg 300w, http:\/\/www.ecktomedia.de\/fannienew\/wp-content\/uploads\/2022\/09\/fotoboxohnepreis-768x602.jpg 768w\" sizes=\"(max-width: 640px) 100vw, 640px\" \/><\/p>\n<p>&nbsp;<\/p>\n<p><img loading=\"lazy\" decoding=\"async\" class=\"aligncenter size-full wp-image-509\" src=\"http:\/\/ecktomedia.de\/fannienew\/wp-content\/uploads\/2016\/10\/leer.jpg\" alt=\"leer\" width=\"187\" height=\"16\" \/><\/p>\n<p style=\"text-align: center;\"><img loading=\"lazy\" decoding=\"async\" class=\"aligncenter size-full wp-image-509\" src=\"http:\/\/ecktomedia.de\/fannienew\/wp-content\/uploads\/2016\/10\/leer.jpg\" alt=\"leer\" width=\"187\" height=\"16\" \/><\/p>\n<p style=\"text-align: center;\">Fotobox aufbauen, anstecken und der Rest l\u00e4uft von alleine: Zur Ausr\u00fcstung geh\u00f6ren neben der Fotobox ein Hintergrundsystem sowie ein rollbares\u00a0Transportcase auf welchem die Fotobox zum Betrieb positioniert werden kann.<\/p>\n<p style=\"text-align: center;\"><img loading=\"lazy\" decoding=\"async\" class=\"aligncenter size-full wp-image-509\" src=\"http:\/\/ecktomedia.de\/fannienew\/wp-content\/uploads\/2016\/10\/leer.jpg\" alt=\"leer\" width=\"187\" height=\"16\" \/><\/p>\n<p><img loading=\"lazy\" decoding=\"async\" class=\"aligncenter wp-image-290 size-medium\" src=\"http:\/\/ecktomedia.de\/fannienew\/wp-content\/uploads\/2016\/11\/fotoboxstudio-293x300.png\" width=\"293\" height=\"300\" srcset=\"http:\/\/www.ecktomedia.de\/fannienew\/wp-content\/uploads\/2016\/11\/fotoboxstudio-293x300.png 293w, http:\/\/www.ecktomedia.de\/fannienew\/wp-content\/uploads\/2016\/11\/fotoboxstudio.png 641w\" sizes=\"(max-width: 293px) 100vw, 293px\" \/><\/p>\n<p><img loading=\"lazy\" decoding=\"async\" class=\"aligncenter size-full wp-image-509\" src=\"http:\/\/ecktomedia.de\/fannienew\/wp-content\/uploads\/2016\/10\/leer.jpg\" alt=\"leer\" width=\"187\" height=\"16\" \/><\/p>\n<p style=\"text-align: center;\">Optional k\u00f6nnt Ihr zu unserer Fotobox die Druckstation das &#8222;Fotobox-Labor&#8220; dazu buchen!<\/p>\n<p style=\"text-align: center;\">Die Fotobox kann nat\u00fcrlich auch ohne Druckstation gebucht werden &#8211; wer will der kann, wer nicht, der muss nicht.<\/p>\n<p style=\"text-align: center;\"><strong>Damit k\u00f6nnt Ihr eure gemachten Fotos sofort vor Ort entwickeln!<\/strong><\/p>\n<p style=\"text-align: center;\">Auch Collagen und diverse Bearbeitungseffekte sind damit problemlos machbar.<\/p>\n<p style=\"text-align: center;\"><img loading=\"lazy\" decoding=\"async\" class=\"aligncenter size-full wp-image-509\" src=\"http:\/\/ecktomedia.de\/fannienew\/wp-content\/uploads\/2016\/10\/leer.jpg\" alt=\"leer\" width=\"187\" height=\"16\" \/><\/p>\n<p style=\"text-align: center;\"><img loading=\"lazy\" decoding=\"async\" class=\"aligncenter size-medium wp-image-595\" src=\"http:\/\/ecktomedia.de\/fannienew\/wp-content\/uploads\/2016\/10\/2-300x290.png\" alt=\"2\" width=\"300\" height=\"290\" srcset=\"http:\/\/www.ecktomedia.de\/fannienew\/wp-content\/uploads\/2016\/10\/2-300x290.png 300w, http:\/\/www.ecktomedia.de\/fannienew\/wp-content\/uploads\/2016\/10\/2-768x742.png 768w, http:\/\/www.ecktomedia.de\/fannienew\/wp-content\/uploads\/2016\/10\/2.png 930w\" sizes=\"(max-width: 300px) 100vw, 300px\" \/><\/p>\n<p style=\"text-align: center;\"><img loading=\"lazy\" decoding=\"async\" class=\"aligncenter size-full wp-image-509\" src=\"http:\/\/ecktomedia.de\/fannienew\/wp-content\/uploads\/2016\/10\/leer.jpg\" alt=\"leer\" width=\"187\" height=\"16\" \/><\/p>\n<p style=\"text-align: center;\">Erstellte Bilder mit der Druckstation:<\/p>\n<p style=\"text-align: center;\"><img loading=\"lazy\" decoding=\"async\" class=\"aligncenter wp-image-602\" src=\"http:\/\/ecktomedia.de\/fannienew\/wp-content\/uploads\/2016\/10\/3-300x188.png\" alt=\"3\" width=\"500\" height=\"313\" srcset=\"http:\/\/www.ecktomedia.de\/fannienew\/wp-content\/uploads\/2016\/10\/3-300x188.png 300w, http:\/\/www.ecktomedia.de\/fannienew\/wp-content\/uploads\/2016\/10\/3-768x481.png 768w, http:\/\/www.ecktomedia.de\/fannienew\/wp-content\/uploads\/2016\/10\/3.png 823w\" sizes=\"(max-width: 500px) 100vw, 500px\" \/><\/p>\n<p style=\"text-align: center;\"><img loading=\"lazy\" decoding=\"async\" class=\"aligncenter size-full wp-image-509\" src=\"http:\/\/ecktomedia.de\/fannienew\/wp-content\/uploads\/2016\/10\/leer.jpg\" alt=\"leer\" width=\"187\" height=\"16\" \/><\/p>\n<p style=\"text-align: center;\">Ablauf an der Druckstation um ein Foto zu entwickeln:<\/p>\n<p style=\"text-align: center;\"><img loading=\"lazy\" decoding=\"async\" class=\"aligncenter size-large wp-image-636\" src=\"http:\/\/ecktomedia.de\/fannienew\/wp-content\/uploads\/2016\/10\/ablauf2-363x1024.png\" alt=\"ablauf2\" width=\"363\" height=\"1024\" srcset=\"http:\/\/www.ecktomedia.de\/fannienew\/wp-content\/uploads\/2016\/10\/ablauf2-363x1024.png 363w, http:\/\/www.ecktomedia.de\/fannienew\/wp-content\/uploads\/2016\/10\/ablauf2-106x300.png 106w, http:\/\/www.ecktomedia.de\/fannienew\/wp-content\/uploads\/2016\/10\/ablauf2.png 700w\" sizes=\"(max-width: 363px) 100vw, 363px\" \/><\/p>\n<p style=\"text-align: center;\"><img loading=\"lazy\" decoding=\"async\" class=\"aligncenter size-full wp-image-509\" src=\"http:\/\/ecktomedia.de\/fannienew\/wp-content\/uploads\/2016\/10\/leer.jpg\" alt=\"leer\" width=\"187\" height=\"16\" \/><\/p>\n<p style=\"text-align: center;\">Alle gemachten Bilder gibts auf DVD:<\/p>\n<p><img loading=\"lazy\" decoding=\"async\" class=\"size-medium wp-image-445 aligncenter\" src=\"http:\/\/ecktomedia.de\/fannienew\/wp-content\/uploads\/2016\/10\/DVDBert-300x248.png\" alt=\"DVDBert\" width=\"300\" height=\"248\" srcset=\"http:\/\/www.ecktomedia.de\/fannienew\/wp-content\/uploads\/2016\/10\/DVDBert-300x248.png 300w, http:\/\/www.ecktomedia.de\/fannienew\/wp-content\/uploads\/2016\/10\/DVDBert.png 659w\" sizes=\"(max-width: 300px) 100vw, 300px\" \/><\/p>\n<p style=\"text-align: center;\"><img loading=\"lazy\" decoding=\"async\" class=\"aligncenter size-full wp-image-509\" src=\"http:\/\/ecktomedia.de\/fannienew\/wp-content\/uploads\/2016\/10\/leer.jpg\" alt=\"leer\" width=\"187\" height=\"16\" \/><\/p>\n<hr \/>\n<h3 style=\"text-align: center;\"><img loading=\"lazy\" decoding=\"async\" class=\"aligncenter size-full wp-image-509\" src=\"http:\/\/ecktomedia.de\/fannienew\/wp-content\/uploads\/2016\/10\/leer.jpg\" alt=\"leer\" width=\"187\" height=\"16\" \/><\/h3>\n<h3 style=\"text-align: center;\"><strong>Fotobox-Hintergrund:<\/strong><\/h3>\n<p style=\"text-align: center;\"><img loading=\"lazy\" decoding=\"async\" class=\"aligncenter size-full wp-image-509\" src=\"http:\/\/ecktomedia.de\/fannienew\/wp-content\/uploads\/2016\/10\/leer.jpg\" alt=\"leer\" width=\"187\" height=\"16\" \/><\/p>\n<p style=\"text-align: center;\">Unser Fotobox-Hintergrund: Der Hintergrund mit Bretter-Motiv ist B1 zertifiziert (schwer entflammbar nach DIN 4102).<\/p>\n<p style=\"text-align: center;\"><img loading=\"lazy\" decoding=\"async\" class=\"aligncenter size-full wp-image-509\" src=\"http:\/\/ecktomedia.de\/fannienew\/wp-content\/uploads\/2016\/10\/leer.jpg\" alt=\"leer\" width=\"187\" height=\"16\" \/><\/p>\n<p style=\"text-align: center;\"><img loading=\"lazy\" decoding=\"async\" class=\"aligncenter size-medium wp-image-400\" src=\"http:\/\/ecktomedia.de\/fannienew\/wp-content\/uploads\/2016\/10\/klein-300x225.png\" alt=\"klein\" width=\"300\" height=\"225\" srcset=\"http:\/\/www.ecktomedia.de\/fannienew\/wp-content\/uploads\/2016\/10\/klein-300x225.png 300w, http:\/\/www.ecktomedia.de\/fannienew\/wp-content\/uploads\/2016\/10\/klein.png 543w\" sizes=\"(max-width: 300px) 100vw, 300px\" \/><\/p>\n<p style=\"text-align: center;\"><img loading=\"lazy\" decoding=\"async\" class=\"aligncenter size-full wp-image-509\" src=\"http:\/\/ecktomedia.de\/fannienew\/wp-content\/uploads\/2016\/10\/leer.jpg\" alt=\"leer\" width=\"187\" height=\"16\" \/><\/p>\n<p style=\"text-align: center;\"><img loading=\"lazy\" decoding=\"async\" class=\"aligncenter wp-image-433 size-large\" src=\"http:\/\/ecktomedia.de\/fannienew\/wp-content\/uploads\/2016\/05\/klein-1024x248.png\" alt=\"klein\" width=\"640\" height=\"155\" srcset=\"http:\/\/www.ecktomedia.de\/fannienew\/wp-content\/uploads\/2016\/05\/klein-1024x248.png 1024w, http:\/\/www.ecktomedia.de\/fannienew\/wp-content\/uploads\/2016\/05\/klein-300x73.png 300w, http:\/\/www.ecktomedia.de\/fannienew\/wp-content\/uploads\/2016\/05\/klein-768x186.png 768w, http:\/\/www.ecktomedia.de\/fannienew\/wp-content\/uploads\/2016\/05\/klein.png 1499w\" sizes=\"(max-width: 640px) 100vw, 640px\" \/><\/p>\n<p style=\"text-align: center;\"><img loading=\"lazy\" decoding=\"async\" class=\"aligncenter size-full wp-image-509\" src=\"http:\/\/ecktomedia.de\/fannienew\/wp-content\/uploads\/2016\/10\/leer.jpg\" alt=\"leer\" width=\"187\" height=\"16\" \/><\/p>\n<hr \/>\n<h3 style=\"text-align: center;\"><img loading=\"lazy\" decoding=\"async\" class=\"aligncenter size-full wp-image-509\" src=\"http:\/\/ecktomedia.de\/fannienew\/wp-content\/uploads\/2016\/10\/leer.jpg\" alt=\"leer\" width=\"187\" height=\"16\" \/><\/h3>\n<h3 style=\"text-align: center;\"><strong>Preise &#8211; Was kostet es mich die Salon-Fannie-Fotobox auszuleihen?<\/strong><\/h3>\n<p style=\"text-align: center;\"><img loading=\"lazy\" decoding=\"async\" class=\"aligncenter size-full wp-image-509\" src=\"http:\/\/ecktomedia.de\/fannienew\/wp-content\/uploads\/2016\/10\/leer.jpg\" alt=\"leer\" width=\"187\" height=\"16\" \/><\/p>\n<p style=\"text-align: center;\">Je Tag (R\u00fcckgabe am Folgetag bis sp\u00e4testens 14 Uhr) berechnen wir 250\u20ac inkl.\u00a0 Mwst. zzgl. 200\u20ac Kaution.<br \/>\nIm Preis enthalten sind:<br \/>\n&#8211; 1 DVD mit allen Fotobox-Fotos Eurer Feier<br \/>\n&#8211; Online-Zugang zu Euren Fotobox-Fotos f\u00fcr min. 1 Woche nach Feier<br \/>\nsowie das Fotoboxequipment f\u00fcr die Leihdauer:<br \/>\nFotobox (Fotoanzahl unbegrenzt; mit Wifi-Funktion), Transportcase und Hintergrundsystem<\/p>\n<p style=\"text-align: center;\"><img loading=\"lazy\" decoding=\"async\" class=\"aligncenter size-full wp-image-509\" src=\"http:\/\/ecktomedia.de\/fannienew\/wp-content\/uploads\/2016\/10\/leer.jpg\" alt=\"leer\" width=\"187\" height=\"16\" \/><\/p>\n<p style=\"text-align: center;\">F\u00fcr die optionale Druckstation um Bilder vor Ort entwickeln zu k\u00f6nnen, berechnen wir 150\u20ac inkl. Mwst.<\/p>\n<p style=\"text-align: center;\">(R\u00fcckgabe ebenfalls am Folgetag bis sp\u00e4testens 14 Uhr &#8211; es k\u00f6nnen max. 700 Abz\u00fcge entwickelt werden)<\/p>\n<p><img loading=\"lazy\" decoding=\"async\" class=\"aligncenter size-full wp-image-509\" src=\"http:\/\/ecktomedia.de\/fannienew\/wp-content\/uploads\/2016\/10\/leer.jpg\" alt=\"leer\" width=\"187\" height=\"16\" \/><\/p>\n<p style=\"text-align: center;\"><strong>(BUNDLE-Preis mit dem\u00a0<a href=\"http:\/\/ecktomedia.de\/fannienew\/?page_id=243\">SALON-FANNIE-LAUTsprecher<\/a>\u00a0m\u00f6glich!)<\/strong><\/p>\n<p style=\"text-align: center;\"><img loading=\"lazy\" decoding=\"async\" class=\"aligncenter size-full wp-image-509\" src=\"http:\/\/ecktomedia.de\/fannienew\/wp-content\/uploads\/2016\/10\/leer.jpg\" alt=\"leer\" width=\"187\" height=\"16\" \/><\/p>\n<hr \/>\n<h3 style=\"text-align: center;\"><img loading=\"lazy\" decoding=\"async\" class=\"aligncenter size-full wp-image-509\" src=\"http:\/\/ecktomedia.de\/fannienew\/wp-content\/uploads\/2016\/10\/leer.jpg\" alt=\"leer\" width=\"187\" height=\"16\" \/><\/h3>\n<h3 style=\"text-align: center;\"><strong>Das Datum Eurer Feier steht bereits fest?<\/strong><\/h3>\n<p style=\"text-align: center;\"><img loading=\"lazy\" decoding=\"async\" class=\"aligncenter size-full wp-image-509\" src=\"http:\/\/ecktomedia.de\/fannienew\/wp-content\/uploads\/2016\/10\/leer.jpg\" alt=\"leer\" width=\"187\" height=\"16\" \/><\/p>\n<p style=\"text-align: center;\">Gerne k\u00f6nnt Ihr unverbindlich telefonisch im Salon anfragen ob Euer Wunschtermin noch frei ist:<\/p>\n<p style=\"text-align: center;\"><strong>Telefon: 09431\/3799925<\/strong><\/p>\n<p style=\"text-align: center;\"><img loading=\"lazy\" decoding=\"async\" class=\"aligncenter size-full wp-image-509\" src=\"http:\/\/ecktomedia.de\/fannienew\/wp-content\/uploads\/2016\/10\/leer.jpg\" alt=\"leer\" width=\"187\" height=\"16\" \/><\/p>\n<hr \/>\n<h3 style=\"text-align: center;\"><img loading=\"lazy\" decoding=\"async\" class=\"aligncenter size-full wp-image-509\" src=\"http:\/\/ecktomedia.de\/fannienew\/wp-content\/uploads\/2016\/10\/leer.jpg\" alt=\"leer\" width=\"187\" height=\"16\" \/><\/h3>\n<h3 style=\"text-align: center;\"><strong>Benutzername und Passwort bereits bekannt?<\/strong><\/h3>\n<p style=\"text-align: center;\"><img loading=\"lazy\" decoding=\"async\" class=\"aligncenter size-full wp-image-509\" src=\"http:\/\/ecktomedia.de\/fannienew\/wp-content\/uploads\/2016\/10\/leer.jpg\" alt=\"leer\" width=\"187\" height=\"16\" \/><\/p>\n<p style=\"text-align: center;\">&#8230;dann schaut in unseren\u00a0<a href=\"http:\/\/d102061.triton.evanzo.de\/index.php\" target=\"_blank\" rel=\"noopener\">ONLINESPEICHER<\/a>\u00a0&#8211; einfach mit Eurem Benutzernamen und Passwort\u00a0anmelden! &#8230;schon seht Ihr Eure Bilder!<\/p>\n<p><a href=\"http:\/\/d102061.triton.evanzo.de\/index.php\" target=\"_blank\" rel=\"noopener\"><img loading=\"lazy\" decoding=\"async\" class=\"aligncenter wp-image-106\" src=\"http:\/\/ecktomedia.de\/fannienew\/wp-content\/uploads\/2016\/10\/mustergalerie-1024x521.jpg\" alt=\"mustergalerie\" width=\"520\" height=\"265\" srcset=\"http:\/\/www.ecktomedia.de\/fannienew\/wp-content\/uploads\/2016\/10\/mustergalerie-1024x521.jpg 1024w, http:\/\/www.ecktomedia.de\/fannienew\/wp-content\/uploads\/2016\/10\/mustergalerie-300x153.jpg 300w, http:\/\/www.ecktomedia.de\/fannienew\/wp-content\/uploads\/2016\/10\/mustergalerie-768x391.jpg 768w, http:\/\/www.ecktomedia.de\/fannienew\/wp-content\/uploads\/2016\/10\/mustergalerie.jpg 1700w\" sizes=\"(max-width: 520px) 100vw, 520px\" \/><\/a><\/p>\n<p style=\"text-align: center;\"><strong>Am besten vom PC aus \u00f6ffnen, nicht jedes Handy kommt ohne entsprechende APP damit klar!<\/strong><\/p>\n<p style=\"text-align: center;\"><img loading=\"lazy\" decoding=\"async\" class=\"aligncenter size-full wp-image-509\" src=\"http:\/\/ecktomedia.de\/fannienew\/wp-content\/uploads\/2016\/10\/leer.jpg\" alt=\"leer\" width=\"187\" height=\"16\" \/><\/p>\n<p style=\"text-align: center;\"><strong><a href=\"https:\/\/www.facebook.com\/SalonFannie\/\" target=\"_blank\" rel=\"noopener\">&#8222;Gef\u00e4llt mir!&#8220; auf Facebook nicht vergessen!<\/a><\/strong><\/p>\n<p style=\"text-align: center;\"><a href=\"https:\/\/www.facebook.com\/SalonFannie\/\" target=\"_blank\" rel=\"noopener\"><img loading=\"lazy\" decoding=\"async\" class=\"alignnone wp-image-223 size-medium\" src=\"http:\/\/ecktomedia.de\/fannienew\/wp-content\/uploads\/2016\/05\/salonfb-300x161.png\" alt=\"salonfb\" width=\"300\" height=\"161\" srcset=\"http:\/\/www.ecktomedia.de\/fannienew\/wp-content\/uploads\/2016\/05\/salonfb-300x161.png 300w, http:\/\/www.ecktomedia.de\/fannienew\/wp-content\/uploads\/2016\/05\/salonfb-768x413.png 768w, http:\/\/www.ecktomedia.de\/fannienew\/wp-content\/uploads\/2016\/05\/salonfb.png 993w\" sizes=\"(max-width: 300px) 100vw, 300px\" \/><\/a><\/p>\n<h3><\/h3>\n<p>&nbsp;<\/p>\n<h3><\/h3>\n<p>&nbsp;<\/p>\n","protected":false},"excerpt":{"rendered":"<p>Falls Sie noch nicht wissen, was eine &#8222;Fotobox&#8220; ist: Unter &#8222;Was ist die Salon-Fannie-Fotobox&#8220; haben wir versucht, sie ausf\u00fchrlich zu beschreiben! &nbsp; Fotobox-Verleih: &nbsp; Fotobox aufbauen, anstecken und der Rest l\u00e4uft von alleine: Zur Ausr\u00fcstung geh\u00f6ren neben der Fotobox ein Hintergrundsystem sowie ein rollbares\u00a0Transportcase auf welchem die Fotobox zum Betrieb positioniert werden kann. Optional k\u00f6nnt [&hellip;]<\/p>\n","protected":false},"author":1,"featured_media":0,"parent":0,"menu_order":0,"comment_status":"closed","ping_status":"closed","template":"","meta":{"footnotes":""},"class_list":["post-9","page","type-page","status-publish","hentry"],"_links":{"self":[{"href":"http:\/\/www.ecktomedia.de\/fannienew\/index.php?rest_route=\/wp\/v2\/pages\/9"}],"collection":[{"href":"http:\/\/www.ecktomedia.de\/fannienew\/index.php?rest_route=\/wp\/v2\/pages"}],"about":[{"href":"http:\/\/www.ecktomedia.de\/fannienew\/index.php?rest_route=\/wp\/v2\/types\/page"}],"author":[{"embeddable":true,"href":"http:\/\/www.ecktomedia.de\/fannienew\/index.php?rest_route=\/wp\/v2\/users\/1"}],"replies":[{"embeddable":true,"href":"http:\/\/www.ecktomedia.de\/fannienew\/index.php?rest_route=%2Fwp%2Fv2%2Fcomments&post=9"}],"version-history":[{"count":108,"href":"http:\/\/www.ecktomedia.de\/fannienew\/index.php?rest_route=\/wp\/v2\/pages\/9\/revisions"}],"predecessor-version":[{"id":1024,"href":"http:\/\/www.ecktomedia.de\/fannienew\/index.php?rest_route=\/wp\/v2\/pages\/9\/revisions\/1024"}],"wp:attachment":[{"href":"http:\/\/www.ecktomedia.de\/fannienew\/index.php?rest_route=%2Fwp%2Fv2%2Fmedia&parent=9"}],"curies":[{"name":"wp","href":"https:\/\/api.w.org\/{rel}","templated":true}]}}