{"id":91,"date":"2016-10-03T16:43:33","date_gmt":"2016-10-03T14:43:33","guid":{"rendered":"http:\/\/ecktomedia.de\/fannienew\/?page_id=91"},"modified":"2016-10-03T17:06:33","modified_gmt":"2016-10-03T15:06:33","slug":"was-ist-die-salon-fannie-fotobox","status":"publish","type":"page","link":"http:\/\/www.ecktomedia.de\/fannienew\/?page_id=91","title":{"rendered":"Was ist die Salon-Fannie-Fotobox?"},"content":{"rendered":"<p><strong>In erster Linie ist es die einfachste M\u00f6glichkeit, um sich w\u00e4hrend Ihres Events die spannensten und<\/strong><br \/>\n<strong>unterhaltsamsten Fotos Ihrer Besucher zu sichern:<\/strong><\/p>\n<p>Nach bet\u00e4tigen des gr\u00fcnen Ausl\u00f6ser-Buttons f\u00e4ngt dieser an zu blinken und ein paar Sekunden sp\u00e4ter<br \/>\nmacht die Salon-Fannie-Fotobox einen Schnappschuss aller G\u00e4ste welche sich vor dem Fotohintergrund<br \/>\nplatziert haben. Durch die Verz\u00f6gerung zwischen bet\u00e4tigen des Ausl\u00f6ser-Buttons und der<br \/>\ntats\u00e4chlichen Aufnahme entstehen \u00e4usserst unterhaltsame Fotos!<\/p>\n<p>(Nat\u00fcrlich werden Transportcase &#8211; welches gleichzeitig als Aufstellpotest f\u00fcr die Fotobox dient -,<br \/>\nFotohintergrund und die Fotobox selbst als &#8222;Rundum-Sorglos-Paket&#8220; vermietet!)<\/p>\n<p>Das zuletzt gemachte Foto wird eine kurze Zeit den G\u00e4sten am integrierten Monitor angezeigt und<br \/>\ndaraufhin in der Salon-Fotobox abgespeichert.<\/p>\n<p>Sobald sich Ihre &#8222;Models&#8220; selbst in der gemachten Aufnahme sehen, wird die Sache zum Selbstl\u00e4ufer:<br \/>\nEs werden Grimassen gezogen, Masken und H\u00fcte aufgesetzt, verdutzt geschaut, gelacht und auch<br \/>\n&#8222;gebl\u00f6delt&#8220; &#8211; jedes Foto wird abgespeichert und Sie erhalten sp\u00e4ter alle aufgenommenen Fotos<br \/>\nauf der Salon-Fannie-Fotobox-DVD &#8211; unzensiert und in voller Aufl\u00f6sung. Erinnerungsfotos welche<br \/>\nSie sonst in dieser ungezwungenen Art nicht von Ihren Besuchern haben w\u00fcrden!<\/p>\n<p>Die Fotobox-Bilder k\u00f6nnen Sie nat\u00fcrlich &#8211; wie von Ihren privaten Aufnahmen gewohnt &#8211; bei jedem<br \/>\nbeliebigen Anbieter entwickeln und Abz\u00fcge davon erstellen lassen. Der gro\u00dfe Vorteil dabei ist,<br \/>\ndass Sie so die Fotos ausw\u00e4hlen k\u00f6nnen &#8211; nicht wie bei Einwegkameras bei denen Sie pauschal alle<br \/>\nFotos entwickeln lassen m\u00fcssen, egal, ob eine Aufnahme nichts geworden ist oder nicht gef\u00e4llt!<\/p>\n<p>Dies kann &#8211; z.B. bei Hochzeitsfeiern &#8211; ein enormes Einsparpotenzial zu Einwegkameras bieten!<\/p>\n<p>Werden die G\u00e4ste w\u00e4hrend Ihrer Feier zu Auff\u00fchrungen \/ Essen etc. gerufen, ist das f\u00fcr die<br \/>\nFotobox kein Problem &#8211; wird f\u00fcr die Dauer von 15 Minuten der Ausl\u00f6ser-Button nicht gedr\u00fcckt, geht<br \/>\ndie Fotobox in Standby-Betrieb &#8211; und nimmt nat\u00fcrlich nach erneutem dr\u00fccken des Ausl\u00f6ser-Buttons<br \/>\nwieder seine Arbeit auf.<\/p>\n<p><strong>Viel Spass mit den gemachten Aufnahmen der Salon-Fannie-Fotobox!<\/strong><\/p>\n<p>PS: Hier nochmal der Hinweis: Bitte beachten Sie, dass viele Events (gerade Hochzeitsfeiern!)<br \/>\nbereits \u00fcber Monate im Voraus geplant werden &#8211; daher ist es grunds\u00e4tzlich nie &#8222;zu fr\u00fch&#8220; sich<br \/>\nden Wunschtermin f\u00fcr die Salon-Fannie-Fotobox zu sichern!<\/p>\n","protected":false},"excerpt":{"rendered":"<p>In erster Linie ist es die einfachste M\u00f6glichkeit, um sich w\u00e4hrend Ihres Events die spannensten und unterhaltsamsten Fotos Ihrer Besucher zu sichern: Nach bet\u00e4tigen des gr\u00fcnen Ausl\u00f6ser-Buttons f\u00e4ngt dieser an zu blinken und ein paar Sekunden sp\u00e4ter macht die Salon-Fannie-Fotobox einen Schnappschuss aller G\u00e4ste welche sich vor dem Fotohintergrund platziert haben. Durch die Verz\u00f6gerung zwischen [&hellip;]<\/p>\n","protected":false},"author":1,"featured_media":0,"parent":9,"menu_order":0,"comment_status":"closed","ping_status":"closed","template":"","meta":{"footnotes":""},"class_list":["post-91","page","type-page","status-publish","hentry"],"_links":{"self":[{"href":"http:\/\/www.ecktomedia.de\/fannienew\/index.php?rest_route=\/wp\/v2\/pages\/91"}],"collection":[{"href":"http:\/\/www.ecktomedia.de\/fannienew\/index.php?rest_route=\/wp\/v2\/pages"}],"about":[{"href":"http:\/\/www.ecktomedia.de\/fannienew\/index.php?rest_route=\/wp\/v2\/types\/page"}],"author":[{"embeddable":true,"href":"http:\/\/www.ecktomedia.de\/fannienew\/index.php?rest_route=\/wp\/v2\/users\/1"}],"replies":[{"embeddable":true,"href":"http:\/\/www.ecktomedia.de\/fannienew\/index.php?rest_route=%2Fwp%2Fv2%2Fcomments&post=91"}],"version-history":[{"count":2,"href":"http:\/\/www.ecktomedia.de\/fannienew\/index.php?rest_route=\/wp\/v2\/pages\/91\/revisions"}],"predecessor-version":[{"id":114,"href":"http:\/\/www.ecktomedia.de\/fannienew\/index.php?rest_route=\/wp\/v2\/pages\/91\/revisions\/114"}],"up":[{"embeddable":true,"href":"http:\/\/www.ecktomedia.de\/fannienew\/index.php?rest_route=\/wp\/v2\/pages\/9"}],"wp:attachment":[{"href":"http:\/\/www.ecktomedia.de\/fannienew\/index.php?rest_route=%2Fwp%2Fv2%2Fmedia&parent=91"}],"curies":[{"name":"wp","href":"https:\/\/api.w.org\/{rel}","templated":true}]}}